{"id":18015,"date":"2025-10-15T17:08:34","date_gmt":"2025-10-15T17:08:34","guid":{"rendered":"https:\/\/dgweld.it\/?page_id=18015"},"modified":"2026-01-27T13:42:35","modified_gmt":"2026-01-27T13:42:35","slug":"laser","status":"publish","type":"page","link":"https:\/\/dgweld.it\/it\/prodotti\/celle-robot\/laser\/","title":{"rendered":"Laser"},"content":{"rendered":"<div class=\"vgblk-rw-wrapper limit-wrapper\">\n\n\t<h2 data-start=\"638\" data-end=\"723\">Saldatura e Additive Manufacturing di nuova generazione con tecnologia Meltio<\/h2>\n<img loading=\"lazy\" decoding=\"async\" src=\"https:\/\/dgweld.it\/wp-content\/uploads\/2026\/01\/soldadura-laser-lclasers-630x587.jpg\" alt=\"\" width=\"630\" height=\"587\" \/>Le <strong data-start=\"728\" data-end=\"784\">celle robotizzate DGWeld con tecnologia laser Meltio<\/strong> rappresentano il futuro dell&#8217;automazione industriale nei settori della <strong data-start=\"856\" data-end=\"869\">saldatura<\/strong> e della <strong data-start=\"878\" data-end=\"914\">stampa 3D Additive Manufacturing<\/strong>.<br data-start=\"915\" data-end=\"918\" \/>Grazie all&#8217;integrazione di sistemi <strong data-start=\"953\" data-end=\"985\">Laser Metal Deposition (LMD)<\/strong> e robot industriali, DGWeld offre soluzioni complete per la <strong data-start=\"1046\" data-end=\"1113\">produzione, riparazione e rigenerazione di componenti metallici<\/strong> con altissimi standard di qualit\u00e0 e precisione.\n<h3 data-start=\"1170\" data-end=\"1218\">Come funziona la tecnologia laser Meltio<\/h3>\nIl <strong data-start=\"1223\" data-end=\"1239\">fascio laser<\/strong> consente di ottenere <strong data-start=\"1261\" data-end=\"1306\">giunzioni pulite, ripetibili e resistenti<\/strong>, riducendo al minimo deformazioni e scarti di produzione.<br data-start=\"1364\" data-end=\"1367\" \/>Nella <strong data-start=\"1373\" data-end=\"1396\">stampa 3D metallica<\/strong>, la tecnologia Meltio permette di realizzare <strong data-start=\"1442\" data-end=\"1466\">componenti complessi<\/strong> con grande accuratezza, ottimizzando tempi, materiali e costi di lavorazione.\nMeltio \u00e8 una delle realt\u00e0 pi\u00f9 innovative al mondo nel campo dell&#8217;<strong data-start=\"1613\" data-end=\"1649\">Additive Manufacturing metallico<\/strong>. Il suo sistema <strong data-start=\"1666\" data-end=\"1698\">Laser Metal Deposition (LMD)<\/strong> utilizza <strong data-start=\"1708\" data-end=\"1726\">filo metallico<\/strong> come materiale di deposizione, offrendo <strong data-start=\"1767\" data-end=\"1808\">flessibilit\u00e0 nella scelta delle leghe<\/strong> e <strong data-start=\"1811\" data-end=\"1837\">stabilit\u00e0 del processo<\/strong>.\n<h3 data-start=\"1847\" data-end=\"1912\">I vantaggi delle celle robot DGWeld con tecnologia Meltio<\/h3>\nLe <strong data-start=\"1917\" data-end=\"1945\">celle robot laser DGWeld<\/strong> assicurano prestazioni di altissimo livello grazie all&#8217;unione tra robotica, automazione e potenza del laser Meltio:\n<ul data-start=\"2065\" data-end=\"2551\">\n<li data-start=\"2065\" data-end=\"2162\">\n<strong data-start=\"2070\" data-end=\"2107\">Saldature ad altissima precisione<\/strong>, con riduzione dei tempi ciclo e risultati costanti.\n<\/li>\n<li data-start=\"2163\" data-end=\"2268\">\n<strong data-start=\"2168\" data-end=\"2191\">Produzione additiva<\/strong> su geometrie complesse, impossibili da ottenere con tecniche tradizionali.\n<\/li>\n<li data-start=\"2269\" data-end=\"2390\">\n<strong data-start=\"2274\" data-end=\"2327\">Rigenerazione e riparazione di componenti usurati<\/strong>, con riporti mirati e prestazioni pari o superiori al nuovo.\n<\/li>\n<li data-start=\"2391\" data-end=\"2475\">\n<strong data-start=\"2396\" data-end=\"2435\">Riduzione degli scarti di materiale<\/strong> e maggiore <strong data-start=\"2447\" data-end=\"2472\">efficienza produttiva<\/strong>.\n<\/li>\n<li data-start=\"2476\" data-end=\"2551\">\n<strong data-start=\"2481\" data-end=\"2512\">Controllo qualit\u00e0 integrato<\/strong> e massima ripetibilit\u00e0 del processo.\n<\/li>\n<\/ul>\n<h3 data-start=\"2558\" data-end=\"2590\">Applicazioni industriali<\/h3>\nL&#8217;integrazione tra <strong data-start=\"2611\" data-end=\"2628\">sistemi laser<\/strong> e <strong data-start=\"2631\" data-end=\"2652\">robot industriali<\/strong> \u00e8 particolarmente apprezzata in settori ad alta specializzazione come:\n<ul data-start=\"2727\" data-end=\"2831\">\n<li data-start=\"2727\" data-end=\"2741\">\nAutomotive\n<\/li>\n<li data-start=\"2742\" data-end=\"2755\">\nAerospace\n<\/li>\n<li data-start=\"2756\" data-end=\"2767\">\nEnergia\n<\/li>\n<li data-start=\"2768\" data-end=\"2795\">\nMeccanica di precisione\n<\/li>\n<li data-start=\"2796\" data-end=\"2831\">\nForge e lavorazione dei metalli\n<\/li>\n<\/ul>\nIn questi ambiti, <strong data-start=\"2851\" data-end=\"2889\">qualit\u00e0, ripetibilit\u00e0 e precisione<\/strong> sono fattori chiave, e le celle DGWeld garantiscono standard produttivi superiori e competitivit\u00e0 a lungo termine.\n<h3 data-start=\"3013\" data-end=\"3062\">DGWeld: innovazione e competenza italiana<\/h3>\nCon oltre <strong data-start=\"3074\" data-end=\"3101\">vent&#8217;anni di esperienza<\/strong> nella <strong data-start=\"3108\" data-end=\"3130\">saldatura speciale<\/strong>, <strong data-start=\"3132\" data-end=\"3163\">manutenzione per forgiatura<\/strong> e <strong data-start=\"3166\" data-end=\"3193\">automazione industriale<\/strong>, DGWeld \u00e8 un punto di riferimento in Europa.<br data-start=\"3238\" data-end=\"3241\" \/>L&#8217;azienda unisce la <strong data-start=\"3261\" data-end=\"3296\">solidit\u00e0 di un partner italiano<\/strong> con le <strong data-start=\"3304\" data-end=\"3344\">tecnologie dei leader internazionali<\/strong> come <strong data-start=\"3350\" data-end=\"3379\">Meltio, Yaskawa e Fronius<\/strong>, offrendo <strong data-start=\"3390\" data-end=\"3445\">soluzioni personalizzate, performanti e competitive<\/strong>.\n\t\t<h4>Vuoi integrare la tecnologia laser Meltio nelle tue linee produttive?<\/h4>Contatta il team DGWeld per una <strong data-start=\"3592\" data-end=\"3621\">consulenza personalizzata<\/strong>: insieme troveremo la soluzione pi\u00f9 adatta alle tue esigenze di <strong data-start=\"3686\" data-end=\"3736\">saldatura robotizzata e additive manufacturing<\/strong>.\n\n<\/div><!-- .vgblk-rw-wrapper -->","protected":false},"excerpt":{"rendered":"<p>Saldatura e Additive Manufacturing di nuova generazione con tecnologia Meltio Le celle robotizzate DGWeld con tecnologia laser Meltio rappresentano il futuro dell&#8217;automazione industriale nei settori della saldatura e della stampa 3D Additive Manufacturing.Grazie all&#8217;integrazione di sistemi Laser Metal Deposition (LMD) e robot industriali, DGWeld offre soluzioni complete per la produzione, riparazione e rigenerazione di componenti&#8230;<\/p>\n","protected":false},"author":2,"featured_media":0,"parent":18010,"menu_order":0,"comment_status":"closed","ping_status":"closed","template":"","meta":{"inline_featured_image":false,"footnotes":""},"class_list":["post-18015","page","type-page","status-publish","hentry"],"yoast_head":"<!-- This site is optimized with the Yoast SEO plugin v27.4 - https:\/\/yoast.com\/product\/yoast-seo-wordpress\/ -->\n<title>Celle robot laser per saldatura e additive manufacturing | DGWeld<\/title>\n<meta name=\"description\" content=\"Scopri le celle robot laser DGWeld: sistemi avanzati per saldatura automatizzata e produzione additiva 3D, progettati per offrire precisione\" \/>\n<meta name=\"robots\" content=\"index, follow, max-snippet:-1, max-image-preview:large, max-video-preview:-1\" \/>\n<link rel=\"canonical\" href=\"https:\/\/dgweld.it\/it\/prodotti\/celle-robot\/laser\/\" \/>\n<meta property=\"og:locale\" content=\"it_IT\" \/>\n<meta property=\"og:type\" content=\"article\" \/>\n<meta property=\"og:title\" content=\"Celle robot laser per saldatura e additive manufacturing | DGWeld\" \/>\n<meta property=\"og:description\" content=\"Scopri le celle robot laser DGWeld: sistemi avanzati per saldatura automatizzata e produzione additiva 3D, progettati per offrire precisione\" \/>\n<meta property=\"og:url\" content=\"https:\/\/dgweld.it\/it\/prodotti\/celle-robot\/laser\/\" \/>\n<meta property=\"og:site_name\" content=\"DGWeld\" \/>\n<meta property=\"article:modified_time\" content=\"2026-01-27T13:42:35+00:00\" \/>\n<meta property=\"og:image\" content=\"https:\/\/dgweld.it\/wp-content\/uploads\/2026\/01\/soldadura-laser-lclasers-630x587.jpg\" \/>\n<script type=\"application\/ld+json\" class=\"yoast-schema-graph\">{\"@context\":\"https:\\\/\\\/schema.org\",\"@graph\":[{\"@type\":\"WebPage\",\"@id\":\"https:\\\/\\\/dgweld.it\\\/it\\\/prodotti\\\/celle-robot\\\/laser\\\/\",\"url\":\"https:\\\/\\\/dgweld.it\\\/it\\\/prodotti\\\/celle-robot\\\/laser\\\/\",\"name\":\"Celle robot laser per saldatura e additive manufacturing | DGWeld\",\"isPartOf\":{\"@id\":\"https:\\\/\\\/dgweld.it\\\/#website\"},\"primaryImageOfPage\":{\"@id\":\"https:\\\/\\\/dgweld.it\\\/it\\\/prodotti\\\/celle-robot\\\/laser\\\/#primaryimage\"},\"image\":{\"@id\":\"https:\\\/\\\/dgweld.it\\\/it\\\/prodotti\\\/celle-robot\\\/laser\\\/#primaryimage\"},\"thumbnailUrl\":\"https:\\\/\\\/dgweld.it\\\/wp-content\\\/uploads\\\/2026\\\/01\\\/soldadura-laser-lclasers-630x587.jpg\",\"datePublished\":\"2025-10-15T17:08:34+00:00\",\"dateModified\":\"2026-01-27T13:42:35+00:00\",\"description\":\"Scopri le celle robot laser DGWeld: sistemi avanzati per saldatura automatizzata e produzione additiva 3D, progettati per offrire precisione\",\"breadcrumb\":{\"@id\":\"https:\\\/\\\/dgweld.it\\\/it\\\/prodotti\\\/celle-robot\\\/laser\\\/#breadcrumb\"},\"inLanguage\":\"it-IT\",\"potentialAction\":[{\"@type\":\"ReadAction\",\"target\":[\"https:\\\/\\\/dgweld.it\\\/it\\\/prodotti\\\/celle-robot\\\/laser\\\/\"]}]},{\"@type\":\"ImageObject\",\"inLanguage\":\"it-IT\",\"@id\":\"https:\\\/\\\/dgweld.it\\\/it\\\/prodotti\\\/celle-robot\\\/laser\\\/#primaryimage\",\"url\":\"https:\\\/\\\/dgweld.it\\\/wp-content\\\/uploads\\\/2026\\\/01\\\/soldadura-laser-lclasers-630x587.jpg\",\"contentUrl\":\"https:\\\/\\\/dgweld.it\\\/wp-content\\\/uploads\\\/2026\\\/01\\\/soldadura-laser-lclasers-630x587.jpg\"},{\"@type\":\"BreadcrumbList\",\"@id\":\"https:\\\/\\\/dgweld.it\\\/it\\\/prodotti\\\/celle-robot\\\/laser\\\/#breadcrumb\",\"itemListElement\":[{\"@type\":\"ListItem\",\"position\":1,\"name\":\"Home\",\"item\":\"https:\\\/\\\/dgweld.it\\\/it\\\/\"},{\"@type\":\"ListItem\",\"position\":2,\"name\":\"Prodotti\",\"item\":\"https:\\\/\\\/dgweld.it\\\/it\\\/prodotti\\\/\"},{\"@type\":\"ListItem\",\"position\":3,\"name\":\"Celle robot\",\"item\":\"https:\\\/\\\/dgweld.it\\\/it\\\/prodotti\\\/celle-robot\\\/\"},{\"@type\":\"ListItem\",\"position\":4,\"name\":\"Laser\"}]},{\"@type\":\"WebSite\",\"@id\":\"https:\\\/\\\/dgweld.it\\\/#website\",\"url\":\"https:\\\/\\\/dgweld.it\\\/\",\"name\":\"DGWeld\",\"description\":\"\",\"publisher\":{\"@id\":\"https:\\\/\\\/dgweld.it\\\/#organization\"},\"alternateName\":\"DGWeld\",\"potentialAction\":[{\"@type\":\"SearchAction\",\"target\":{\"@type\":\"EntryPoint\",\"urlTemplate\":\"https:\\\/\\\/dgweld.it\\\/?s={search_term_string}\"},\"query-input\":{\"@type\":\"PropertyValueSpecification\",\"valueRequired\":true,\"valueName\":\"search_term_string\"}}],\"inLanguage\":\"it-IT\"},{\"@type\":\"Organization\",\"@id\":\"https:\\\/\\\/dgweld.it\\\/#organization\",\"name\":\"DGWeld\",\"url\":\"https:\\\/\\\/dgweld.it\\\/\",\"logo\":{\"@type\":\"ImageObject\",\"inLanguage\":\"it-IT\",\"@id\":\"https:\\\/\\\/dgweld.it\\\/#\\\/schema\\\/logo\\\/image\\\/\",\"url\":\"https:\\\/\\\/dgweld.it\\\/wp-content\\\/uploads\\\/2017\\\/07\\\/logo-trasp150.png\",\"contentUrl\":\"https:\\\/\\\/dgweld.it\\\/wp-content\\\/uploads\\\/2017\\\/07\\\/logo-trasp150.png\",\"width\":150,\"height\":75,\"caption\":\"DGWeld\"},\"image\":{\"@id\":\"https:\\\/\\\/dgweld.it\\\/#\\\/schema\\\/logo\\\/image\\\/\"},\"sameAs\":[\"https:\\\/\\\/www.linkedin.com\\\/company\\\/dgweld-srl\\\/\"]}]}<\/script>\n<!-- \/ Yoast SEO plugin. -->","yoast_head_json":{"title":"Celle robot laser per saldatura e additive manufacturing | DGWeld","description":"Scopri le celle robot laser DGWeld: sistemi avanzati per saldatura automatizzata e produzione additiva 3D, progettati per offrire precisione","robots":{"index":"index","follow":"follow","max-snippet":"max-snippet:-1","max-image-preview":"max-image-preview:large","max-video-preview":"max-video-preview:-1"},"canonical":"https:\/\/dgweld.it\/it\/prodotti\/celle-robot\/laser\/","og_locale":"it_IT","og_type":"article","og_title":"Celle robot laser per saldatura e additive manufacturing | DGWeld","og_description":"Scopri le celle robot laser DGWeld: sistemi avanzati per saldatura automatizzata e produzione additiva 3D, progettati per offrire precisione","og_url":"https:\/\/dgweld.it\/it\/prodotti\/celle-robot\/laser\/","og_site_name":"DGWeld","article_modified_time":"2026-01-27T13:42:35+00:00","og_image":[{"url":"https:\/\/dgweld.it\/wp-content\/uploads\/2026\/01\/soldadura-laser-lclasers-630x587.jpg","type":"","width":"","height":""}],"schema":{"@context":"https:\/\/schema.org","@graph":[{"@type":"WebPage","@id":"https:\/\/dgweld.it\/it\/prodotti\/celle-robot\/laser\/","url":"https:\/\/dgweld.it\/it\/prodotti\/celle-robot\/laser\/","name":"Celle robot laser per saldatura e additive manufacturing | DGWeld","isPartOf":{"@id":"https:\/\/dgweld.it\/#website"},"primaryImageOfPage":{"@id":"https:\/\/dgweld.it\/it\/prodotti\/celle-robot\/laser\/#primaryimage"},"image":{"@id":"https:\/\/dgweld.it\/it\/prodotti\/celle-robot\/laser\/#primaryimage"},"thumbnailUrl":"https:\/\/dgweld.it\/wp-content\/uploads\/2026\/01\/soldadura-laser-lclasers-630x587.jpg","datePublished":"2025-10-15T17:08:34+00:00","dateModified":"2026-01-27T13:42:35+00:00","description":"Scopri le celle robot laser DGWeld: sistemi avanzati per saldatura automatizzata e produzione additiva 3D, progettati per offrire precisione","breadcrumb":{"@id":"https:\/\/dgweld.it\/it\/prodotti\/celle-robot\/laser\/#breadcrumb"},"inLanguage":"it-IT","potentialAction":[{"@type":"ReadAction","target":["https:\/\/dgweld.it\/it\/prodotti\/celle-robot\/laser\/"]}]},{"@type":"ImageObject","inLanguage":"it-IT","@id":"https:\/\/dgweld.it\/it\/prodotti\/celle-robot\/laser\/#primaryimage","url":"https:\/\/dgweld.it\/wp-content\/uploads\/2026\/01\/soldadura-laser-lclasers-630x587.jpg","contentUrl":"https:\/\/dgweld.it\/wp-content\/uploads\/2026\/01\/soldadura-laser-lclasers-630x587.jpg"},{"@type":"BreadcrumbList","@id":"https:\/\/dgweld.it\/it\/prodotti\/celle-robot\/laser\/#breadcrumb","itemListElement":[{"@type":"ListItem","position":1,"name":"Home","item":"https:\/\/dgweld.it\/it\/"},{"@type":"ListItem","position":2,"name":"Prodotti","item":"https:\/\/dgweld.it\/it\/prodotti\/"},{"@type":"ListItem","position":3,"name":"Celle robot","item":"https:\/\/dgweld.it\/it\/prodotti\/celle-robot\/"},{"@type":"ListItem","position":4,"name":"Laser"}]},{"@type":"WebSite","@id":"https:\/\/dgweld.it\/#website","url":"https:\/\/dgweld.it\/","name":"DGWeld","description":"","publisher":{"@id":"https:\/\/dgweld.it\/#organization"},"alternateName":"DGWeld","potentialAction":[{"@type":"SearchAction","target":{"@type":"EntryPoint","urlTemplate":"https:\/\/dgweld.it\/?s={search_term_string}"},"query-input":{"@type":"PropertyValueSpecification","valueRequired":true,"valueName":"search_term_string"}}],"inLanguage":"it-IT"},{"@type":"Organization","@id":"https:\/\/dgweld.it\/#organization","name":"DGWeld","url":"https:\/\/dgweld.it\/","logo":{"@type":"ImageObject","inLanguage":"it-IT","@id":"https:\/\/dgweld.it\/#\/schema\/logo\/image\/","url":"https:\/\/dgweld.it\/wp-content\/uploads\/2017\/07\/logo-trasp150.png","contentUrl":"https:\/\/dgweld.it\/wp-content\/uploads\/2017\/07\/logo-trasp150.png","width":150,"height":75,"caption":"DGWeld"},"image":{"@id":"https:\/\/dgweld.it\/#\/schema\/logo\/image\/"},"sameAs":["https:\/\/www.linkedin.com\/company\/dgweld-srl\/"]}]}},"_links":{"self":[{"href":"https:\/\/dgweld.it\/it\/wp-json\/wp\/v2\/pages\/18015","targetHints":{"allow":["GET"]}}],"collection":[{"href":"https:\/\/dgweld.it\/it\/wp-json\/wp\/v2\/pages"}],"about":[{"href":"https:\/\/dgweld.it\/it\/wp-json\/wp\/v2\/types\/page"}],"author":[{"embeddable":true,"href":"https:\/\/dgweld.it\/it\/wp-json\/wp\/v2\/users\/2"}],"replies":[{"embeddable":true,"href":"https:\/\/dgweld.it\/it\/wp-json\/wp\/v2\/comments?post=18015"}],"version-history":[{"count":7,"href":"https:\/\/dgweld.it\/it\/wp-json\/wp\/v2\/pages\/18015\/revisions"}],"predecessor-version":[{"id":18330,"href":"https:\/\/dgweld.it\/it\/wp-json\/wp\/v2\/pages\/18015\/revisions\/18330"}],"up":[{"embeddable":true,"href":"https:\/\/dgweld.it\/it\/wp-json\/wp\/v2\/pages\/18010"}],"wp:attachment":[{"href":"https:\/\/dgweld.it\/it\/wp-json\/wp\/v2\/media?parent=18015"}],"curies":[{"name":"wp","href":"https:\/\/api.w.org\/{rel}","templated":true}]}}